{"id":1604,"date":"2026-04-09T07:48:12","date_gmt":"2026-04-09T07:48:12","guid":{"rendered":"https:\/\/www.omep.net\/?page_id=1604"},"modified":"2026-04-09T08:05:26","modified_gmt":"2026-04-09T08:05:26","slug":"mentions-legales","status":"publish","type":"page","link":"https:\/\/www.omep.net\/index.php\/mentions-legales\/","title":{"rendered":"Mentions l\u00e9gales"},"content":{"rendered":"\n<div class=\"wp-block-cover alignfull is-light has-custom-content-position is-position-top-center reveal fade has-small-font-size\" style=\"padding-top:0;padding-right:0;padding-bottom:0;padding-left:0;min-height:1088px;aspect-ratio:unset;\"><img loading=\"lazy\" decoding=\"async\" width=\"1920\" height=\"3600\" class=\"wp-block-cover__image-background wp-image-1076 size-full\" alt=\"\" src=\"https:\/\/www.omep.net\/wp-content\/uploads\/2026\/02\/Banniere-PAGE-2.1.1-Anglais-1920-x-3600-px-2.svg\" data-object-fit=\"cover\"\/><span aria-hidden=\"true\" class=\"wp-block-cover__background has-ast-global-color-5-background-color has-background-dim-0 has-background-dim\"><\/span><div class=\"wp-block-cover__inner-container is-layout-flow wp-block-cover-is-layout-flow\">\n<div class=\"inherit-container-width wp-block-group alignwide has-medium-font-size is-layout-constrained wp-block-group-is-layout-constrained\">\n<div class=\"wp-block-group alignfull reveal zoom is-layout-constrained wp-container-core-group-is-layout-1a498ccc wp-block-group-is-layout-constrained\" id=\"services\" style=\"padding-top:38px;padding-bottom:100px\">\n<div class=\"wp-block-columns is-layout-flex wp-container-core-columns-is-layout-28f84493 wp-block-columns-is-layout-flex\">\n<div class=\"wp-block-column is-layout-flow wp-block-column-is-layout-flow\">\n<h2 class=\"wp-block-heading has-ast-global-color-0-color has-text-color has-link-color wp-elements-0ae2f208fdb2178ca46f32bd440b1d1c\">Mentions l\u00e9gales<\/h2>\n<\/div>\n\n\n\n<div class=\"wp-block-column is-layout-flow wp-block-column-is-layout-flow\"><\/div>\n<\/div>\n\n\n\n<div class=\"wp-block-columns is-layout-flex wp-container-core-columns-is-layout-28f84493 wp-block-columns-is-layout-flex\" style=\"border-top-color:var(--wp--preset--color--ast-global-color-0);border-top-width:5px\">\n<div class=\"wp-block-column is-layout-flow wp-block-column-is-layout-flow\" style=\"padding-right:10%;padding-left:10%\">\n<h3 class=\"wp-block-heading has-ast-global-color-0-color has-text-color has-link-color wp-elements-476d1310534ad75c8ef60eeca8b23145\">1. \u00c9diteur du site<\/h3>\n\n\n\n<p class=\"has-medium-font-size\"><strong>OMEP<\/strong> <br>Office Municipal d\u2019\u00c9ducation Permanente<br>32 rue Jean Castel<br>Num\u00e9ro SIRET : 324\u00a0612\u00a0548 00028<br>T\u00e9l\u00e9phone : 03.28.33.73.00<br>Email : contact@omep.net<\/p>\n\n\n\n<h3 class=\"wp-block-heading has-ast-global-color-0-color has-text-color has-link-color wp-elements-14d41fb577fa8613f2ec478df53e204c\">2. Publication<\/h3>\n\n\n\n<p class=\"has-medium-font-size\">Directeur de la publication :<br>Yannick MIOSSEC<br>Directeur<\/p>\n\n\n\n<p class=\"has-medium-font-size\">Gestion du site :<br>Mehdi BOUDAOUD<\/p>\n\n\n\n<h3 class=\"wp-block-heading has-ast-global-color-0-color has-text-color has-link-color wp-elements-cf45eb6fa610d85352390652b790b43b\">3. H\u00e9bergement du site<\/h3>\n\n\n\n<p class=\"has-medium-font-size\">OVHcloud<br>2 rue Kellermann<br>59100 Roubaix \u2013 France<br>T\u00e9l\u00e9phone : 1007<\/p>\n\n\n\n<h3 class=\"wp-block-heading has-ast-global-color-0-color has-text-color has-link-color wp-elements-1b3bcc5f90d1810395b581e4e4f1f46e\">4. Propri\u00e9t\u00e9 intellectuelle<\/h3>\n\n\n\n<p class=\"has-medium-font-size\">L\u2019ensemble du contenu pr\u00e9sent sur le site OMEP (textes, images, graphismes, logo, etc.) est la propri\u00e9t\u00e9 exclusive de OMEP, sauf mention contraire. Toute reproduction, repr\u00e9sentation, modification, publication, adaptation de tout ou partie du site est interdite sans autorisation \u00e9crite pr\u00e9alable.<\/p>\n\n\n\n<h3 class=\"wp-block-heading has-ast-global-color-0-color has-text-color has-link-color wp-elements-1fe4a72455ac64d0089488ad71c004b5\">5. Donn\u00e9es personnelles<\/h3>\n\n\n\n<p class=\"has-medium-font-size\">Les informations collect\u00e9es via le site (formulaires de contact, inscriptions, etc.) sont utilis\u00e9es uniquement dans le cadre des activit\u00e9s du centre de formation OMEP.<\/p>\n\n\n\n<p>Conform\u00e9ment au RGPD, vous disposez des droits suivants :<\/p>\n\n\n\n<ul class=\"wp-block-list\">\n<li class=\"has-ast-global-color-0-color has-text-color has-link-color wp-elements-e9d22151695034b4abbb982b9c2d59df\">droit d\u2019acc\u00e8s<\/li>\n\n\n\n<li class=\"has-ast-global-color-0-color has-text-color has-link-color wp-elements-b0073d8d637b2d972103ddf4473d6c7f\">droit de rectification<\/li>\n\n\n\n<li class=\"has-ast-global-color-0-color has-text-color has-link-color wp-elements-8978e39e598de8c058fc77da90b58606\">droit de suppression<\/li>\n<\/ul>\n\n\n\n<p>Vous pouvez exercer ces droits en contactant : contact@omep.net<\/p>\n\n\n\n<p>Les donn\u00e9es sont conserv\u00e9es pendant une dur\u00e9e adapt\u00e9e \u00e0 la finalit\u00e9 du traitement.<\/p>\n\n\n\n<h3 class=\"wp-block-heading has-ast-global-color-0-color has-text-color has-link-color wp-elements-7f59400f83b71abb924ba2fd029ef88b\">6. Cookies<\/h3>\n\n\n\n<p>Le site peut utiliser des cookies pour am\u00e9liorer l\u2019exp\u00e9rience utilisateur et r\u00e9aliser des statistiques de visite. Vous pouvez configurer votre navigateur pour refuser les cookies.<\/p>\n\n\n\n<h3 class=\"wp-block-heading has-ast-global-color-0-color has-text-color has-link-color wp-elements-459fc5831fdc97eda644f168363e2ee1\">7. Responsabilit\u00e9<\/h3>\n\n\n\n<p>OMEP s\u2019efforce de fournir des informations aussi pr\u00e9cises que possible. Toutefois, des erreurs ou omissions peuvent survenir. L\u2019utilisateur reste responsable de l\u2019utilisation des informations pr\u00e9sentes sur le site.<\/p>\n\n\n\n<h3 class=\"wp-block-heading has-ast-global-color-0-color has-text-color has-link-color wp-elements-5e945864b0239bd55c01994e23ef7558\">8. Liens externes<\/h3>\n\n\n\n<p>Le site peut contenir des liens vers d\u2019autres sites. OMEP ne peut \u00eatre tenu responsable du contenu de ces sites externes.<\/p>\n\n\n\n<h3 class=\"wp-block-heading has-ast-global-color-0-color has-text-color has-link-color wp-elements-e634a3b42df8d3310fd68dc42123744d\">9. Mise \u00e0 jour<\/h3>\n\n\n\n<p>Derni\u00e8re mise \u00e0 jour : 08 avril 2026<\/p>\n<\/div>\n<\/div>\n<\/div>\n<\/div>\n<\/div><\/div>\n","protected":false},"excerpt":{"rendered":"","protected":false},"author":2,"featured_media":0,"parent":0,"menu_order":0,"comment_status":"closed","ping_status":"closed","template":"","meta":{"inline_featured_image":false,"_uag_custom_page_level_css":"","site-sidebar-layout":"default","site-content-layout":"","ast-site-content-layout":"default","site-content-style":"default","site-sidebar-style":"default","ast-global-header-display":"","ast-banner-title-visibility":"","ast-main-header-display":"","ast-hfb-above-header-display":"","ast-hfb-below-header-display":"","ast-hfb-mobile-header-display":"","site-post-title":"disabled","ast-breadcrumbs-content":"","ast-featured-img":"","footer-sml-layout":"","ast-disable-related-posts":"","theme-transparent-header-meta":"","adv-header-id-meta":"","stick-header-meta":"","header-above-stick-meta":"","header-main-stick-meta":"","header-below-stick-meta":"","astra-migrate-meta-layouts":"default","ast-page-background-enabled":"default","ast-page-background-meta":{"desktop":{"background-color":"var(--ast-global-color-5)","background-image":"","background-repeat":"repeat","background-position":"center center","background-size":"auto","background-attachment":"scroll","background-type":"","background-media":"","overlay-type":"","overlay-color":"","overlay-opacity":"","overlay-gradient":""},"tablet":{"background-color":"","background-image":"","background-repeat":"repeat","background-position":"center center","background-size":"auto","background-attachment":"scroll","background-type":"","background-media":"","overlay-type":"","overlay-color":"","overlay-opacity":"","overlay-gradient":""},"mobile":{"background-color":"","background-image":"","background-repeat":"repeat","background-position":"center center","background-size":"auto","background-attachment":"scroll","background-type":"","background-media":"","overlay-type":"","overlay-color":"","overlay-opacity":"","overlay-gradient":""}},"ast-content-background-meta":{"desktop":{"background-color":"var(--ast-global-color-4)","background-image":"","background-repeat":"repeat","background-position":"center center","background-size":"auto","background-attachment":"scroll","background-type":"","background-media":"","overlay-type":"","overlay-color":"","overlay-opacity":"","overlay-gradient":""},"tablet":{"background-color":"var(--ast-global-color-4)","background-image":"","background-repeat":"repeat","background-position":"center center","background-size":"auto","background-attachment":"scroll","background-type":"","background-media":"","overlay-type":"","overlay-color":"","overlay-opacity":"","overlay-gradient":""},"mobile":{"background-color":"var(--ast-global-color-4)","background-image":"","background-repeat":"repeat","background-position":"center center","background-size":"auto","background-attachment":"scroll","background-type":"","background-media":"","overlay-type":"","overlay-color":"","overlay-opacity":"","overlay-gradient":""}},"footnotes":""},"class_list":["post-1604","page","type-page","status-publish","hentry"],"uagb_featured_image_src":{"full":false,"thumbnail":false,"medium":false,"medium_large":false,"large":false,"1536x1536":false,"2048x2048":false},"uagb_author_info":{"display_name":"Mehdi BOUDAOUD","author_link":"https:\/\/www.omep.net\/index.php\/author\/mehdi0319\/"},"uagb_comment_info":0,"uagb_excerpt":null,"_links":{"self":[{"href":"https:\/\/www.omep.net\/index.php\/wp-json\/wp\/v2\/pages\/1604","targetHints":{"allow":["GET"]}}],"collection":[{"href":"https:\/\/www.omep.net\/index.php\/wp-json\/wp\/v2\/pages"}],"about":[{"href":"https:\/\/www.omep.net\/index.php\/wp-json\/wp\/v2\/types\/page"}],"author":[{"embeddable":true,"href":"https:\/\/www.omep.net\/index.php\/wp-json\/wp\/v2\/users\/2"}],"replies":[{"embeddable":true,"href":"https:\/\/www.omep.net\/index.php\/wp-json\/wp\/v2\/comments?post=1604"}],"version-history":[{"count":4,"href":"https:\/\/www.omep.net\/index.php\/wp-json\/wp\/v2\/pages\/1604\/revisions"}],"predecessor-version":[{"id":1610,"href":"https:\/\/www.omep.net\/index.php\/wp-json\/wp\/v2\/pages\/1604\/revisions\/1610"}],"wp:attachment":[{"href":"https:\/\/www.omep.net\/index.php\/wp-json\/wp\/v2\/media?parent=1604"}],"curies":[{"name":"wp","href":"https:\/\/api.w.org\/{rel}","templated":true}]}}